{"id":237233,"date":"2025-07-09T11:18:37","date_gmt":"2025-07-09T11:18:37","guid":{"rendered":"https:\/\/juliawelt.de\/product\/neugeborenen-acrylschild\/"},"modified":"2025-07-09T11:18:37","modified_gmt":"2025-07-09T11:18:37","slug":"neugeborenen-acrylschild","status":"publish","type":"product","link":"https:\/\/juliawelt.de\/de\/produkt\/neugeborenen-acrylschild\/","title":{"rendered":"Neugeborenen Acrylschild"},"content":{"rendered":"<h5>Neugeborenen Acrylschild<\/h5>\n<p data-start=\"133\" data-end=\"275\">Feiern Sie die Ankunft Ihres kleinen Wunders mit einem wundersch\u00f6nen Neugeborenen-Acrylschild \u2013 ein zeitloses Andenken, um diesen besonderen Moment zu w\u00fcrdigen.<\/p>\n<p data-start=\"277\" data-end=\"316\">Dieses personalisierte Acrylschild kann enthalten:<\/p>\n<ul data-start=\"317\" data-end=\"410\">\n<li data-start=\"317\" data-end=\"336\">\n<p data-start=\"319\" data-end=\"336\">Name des Babys<\/p>\n<\/li>\n<li data-start=\"337\" data-end=\"358\">\n<p data-start=\"339\" data-end=\"358\">Geburtsdatum<\/p>\n<\/li>\n<li data-start=\"359\" data-end=\"380\">\n<p data-start=\"361\" data-end=\"380\">Geburtszeit<\/p>\n<\/li>\n<li data-start=\"381\" data-end=\"395\">\n<p data-start=\"383\" data-end=\"395\">Gewicht<\/p>\n<\/li>\n<li data-start=\"381\" data-end=\"395\">\n<p data-start=\"383\" data-end=\"395\">Gr\u00f6\u00dfe<\/p>\n<\/li>\n<\/ul>\n<p data-start=\"412\" data-end=\"639\">Hergestellt aus hochwertigem, klarem Acryl, besticht das Schild durch ein sauberes und modernes Design, das jedes Detail elegant hervorhebt. Es ist ein perfektes Dekorationsst\u00fcck f\u00fcr Kinderzimmer oder ein wertvolles Geschenk f\u00fcr frischgebackene Eltern. <\/p>\n<p data-start=\"641\" data-end=\"779\">Jedes St\u00fcck wird auf Bestellung gefertigt, mit Liebe zum Detail, f\u00fcr eine glatte Oberfl\u00e4che und ein bedeutungsvolles Andenken, das \u00fcber Jahre hinweg gesch\u00e4tzt wird.<\/p>\n<p data-start=\"786\" data-end=\"804\"><strong>Perfekt f\u00fcr:<\/strong><\/p>\n<ul data-start=\"805\" data-end=\"941\">\n<li data-start=\"805\" data-end=\"824\">\n<p data-start=\"807\" data-end=\"824\">Dekoration im Kinderzimmer<\/p>\n<\/li>\n<li data-start=\"825\" data-end=\"856\">\n<p data-start=\"827\" data-end=\"856\">Geschenk f\u00fcr Neugeborene oder Baby Shower<\/p>\n<\/li>\n<li data-start=\"857\" data-end=\"892\">\n<p data-start=\"859\" data-end=\"892\">Feier eines besonderen Meilensteins<\/p>\n<\/li>\n<li data-start=\"893\" data-end=\"941\">\n<p data-start=\"895\" data-end=\"941\">Personalisierte Erinnerung f\u00fcr Familie und Freunde<\/p>\n<\/li>\n<\/ul>\n","protected":false},"excerpt":{"rendered":"<p data-start=\"101\" data-end=\"240\">Feiern Sie die Ankunft Ihres Babys mit einem personalisierten Acrylschild, das Name, Geburtsdatum, Geburtszeit, Gewicht und Gr\u00f6\u00dfe enth\u00e4lt. Hergestellt aus hochwertigem, klarem Acryl, ist es ein sch\u00f6nes Andenken f\u00fcr Kinderzimmer oder ein durchdachtes Geschenk f\u00fcr frischgebackene Eltern. <\/p>\n","protected":false},"featured_media":237234,"comment_status":"open","ping_status":"closed","template":"","meta":[],"product_brand":[],"product_cat":[800,844],"product_tag":[],"class_list":{"0":"post-237233","1":"product","2":"type-product","3":"status-publish","4":"has-post-thumbnail","6":"product_cat-acrylglasplatte","7":"product_cat-acrylplatte-ohne-standfuss","9":"first","10":"instock","11":"shipping-taxable","12":"product-type-variable"},"_links":{"self":[{"href":"https:\/\/juliawelt.de\/de\/wp-json\/wp\/v2\/product\/237233","targetHints":{"allow":["GET"]}}],"collection":[{"href":"https:\/\/juliawelt.de\/de\/wp-json\/wp\/v2\/product"}],"about":[{"href":"https:\/\/juliawelt.de\/de\/wp-json\/wp\/v2\/types\/product"}],"replies":[{"embeddable":true,"href":"https:\/\/juliawelt.de\/de\/wp-json\/wp\/v2\/comments?post=237233"}],"version-history":[{"count":0,"href":"https:\/\/juliawelt.de\/de\/wp-json\/wp\/v2\/product\/237233\/revisions"}],"wp:featuredmedia":[{"embeddable":true,"href":"https:\/\/juliawelt.de\/de\/wp-json\/wp\/v2\/media\/237234"}],"wp:attachment":[{"href":"https:\/\/juliawelt.de\/de\/wp-json\/wp\/v2\/media?parent=237233"}],"wp:term":[{"taxonomy":"product_brand","embeddable":true,"href":"https:\/\/juliawelt.de\/de\/wp-json\/wp\/v2\/product_brand?post=237233"},{"taxonomy":"product_cat","embeddable":true,"href":"https:\/\/juliawelt.de\/de\/wp-json\/wp\/v2\/product_cat?post=237233"},{"taxonomy":"product_tag","embeddable":true,"href":"https:\/\/juliawelt.de\/de\/wp-json\/wp\/v2\/product_tag?post=237233"}],"curies":[{"name":"wp","href":"https:\/\/api.w.org\/{rel}","templated":true}]}}